{"id":255,"date":"2017-02-06T17:37:55","date_gmt":"2017-02-06T16:37:55","guid":{"rendered":"http:\/\/geospectrum.pl\/?page_id=255"},"modified":"2026-04-21T10:44:46","modified_gmt":"2026-04-21T08:44:46","slug":"geofizyka-poszukiwawcza","status":"publish","type":"page","link":"https:\/\/www.geospectrum.pl\/pl\/zastosowania\/geofizyka-poszukiwawcza\/","title":{"rendered":"GEOFIZYKA POSZUKIWAWCZA"},"content":{"rendered":"<section class=\"l-section wpb_row tlotresc height_medium with_img\"><div class=\"l-section-img\" role=\"img\" data-img-width=\"1400\" data-img-height=\"308\" style=\"background-image: url(https:\/\/www.geospectrum.pl\/wp-content\/uploads\/2017\/01\/naglowek.jpg);\"><\/div><div class=\"l-section-h i-cf\"><div class=\"g-cols vc_row via_flex valign_top type_default stacking_default\"><div class=\"vc_col-sm-12 wpb_column vc_column_container\"><div class=\"vc_column-inner\"><div class=\"wpb_wrapper\"><\/div><\/div><\/div><\/div><\/div><\/section><section class=\"l-section wpb_row height_medium\"><div class=\"l-section-h i-cf\"><div class=\"g-cols vc_row via_flex valign_top type_default stacking_default\"><div class=\"vc_col-sm-8 wpb_column vc_column_container tresc has_bg_color\"><div class=\"vc_column-inner us_custom_4fb9e5a3\"><div class=\"wpb_wrapper\"><div class=\"g-cols wpb_row okruszki-kontener via_flex valign_top type_default stacking_default\"><div class=\"vc_col-sm-12 wpb_column vc_column_container\"><div class=\"vc_column-inner\"><div class=\"wpb_wrapper\"><div class=\"wpb_text_column okruszki\"><div class=\"wpb_wrapper\"><p><a href=\"https:\/\/www.geospectrum.pl\/pl\/\">Strona g\u0142\u00f3wna<\/a> |\u00a0<a href=\"https:\/\/www.geospectrum.pl\/oferta\/\">Oferta<\/a>\u00a0|\u00a0Geofizyka poszukiwawcza<\/p>\n<\/div><\/div><\/div><\/div><\/div><\/div><div class=\"g-cols wpb_row zdjecia-kolumny via_flex valign_top type_default stacking_default\"><div class=\"vc_col-sm-12 wpb_column vc_column_container\"><div class=\"vc_column-inner\"><div class=\"wpb_wrapper\"><div class=\"wpb_text_column\"><div class=\"wpb_wrapper\"><h1><strong>GEOFIZYKA POSZUKIWAWCZA<\/strong><\/h1>\n<p>W geofizyce poszukiwawczej na wst\u0119pnym etapie, jeszcze przed g\u0142\u00f3wnymi sejsmicznymi badaniami refleksyjnymi, prowadzone s\u0105 profilowania pr\u0119dko\u015bci fali sejsmicznej dla strefy ma\u0142ych pr\u0119dko\u015bci, w zar\u00f3wno na powierzchni (refrakcja) jak i jako tzw. sejsmokarota\u017c w otworach zwanych &#8222;uphole&#8221;. Celem takich bada\u0144 jest okre\u015blenie w ci\u0105g\u0142y spos\u00f3b zmian pr\u0119dko\u015bci fali sejsmicznej z g\u0142\u0119boko\u015bci\u0105 oraz okre\u015blenie &#8222;strefy ma\u0142ych pr\u0119dko\u015bci &#8211; SMP&#8221; zwi\u0105zanej z wietrzeniem o\u015brodka skalnego. Dane te s\u0105 wykorzystywane na etapie processingu danych z bada\u0144 refleksyjnych.<\/p>\n<\/div><\/div><\/div><\/div><\/div><\/div><div class=\"g-cols wpb_row zdjecia-kolumny via_flex valign_top type_default stacking_default\"><div class=\"vc_col-sm-6 wpb_column vc_column_container\"><div class=\"vc_column-inner\"><div class=\"wpb_wrapper\"><div class=\"w-image align_center\"><a href=\"https:\/\/www.geospectrum.pl\/pl\/zastosowania\/geofizyka-poszukiwawcza\/\" aria-label=\"GeoSpectrum - Wiertnica na lokalizacji otworu do bada\u0144 typu uphole\" class=\"w-image-h\"><img decoding=\"async\" width=\"365\" height=\"649\" src=\"https:\/\/www.geospectrum.pl\/wp-content\/uploads\/2017\/02\/uphole03.png\" class=\"attachment-full size-full\" alt=\"GeoSpectrum - Wiertnica na lokalizacji otworu do bada\u0144 typu uphole\" loading=\"lazy\" srcset=\"https:\/\/www.geospectrum.pl\/wp-content\/uploads\/2017\/02\/uphole03.png 365w, https:\/\/www.geospectrum.pl\/wp-content\/uploads\/2017\/02\/uphole03-169x300.png 169w\" sizes=\"auto, (max-width: 365px) 100vw, 365px\" \/><\/a><\/div><\/div><\/div><\/div><div class=\"vc_col-sm-6 wpb_column vc_column_container\"><div class=\"vc_column-inner\"><div class=\"wpb_wrapper\"><div class=\"w-image align_center\"><a href=\"https:\/\/www.geospectrum.pl\/pl\/zastosowania\/geofizyka-poszukiwawcza\/\" aria-label=\"GeoSpectrum - Pomiar sejsmiczny uphole\" class=\"w-image-h\"><img decoding=\"async\" width=\"365\" height=\"649\" src=\"https:\/\/www.geospectrum.pl\/wp-content\/uploads\/2017\/02\/uphole04.png\" class=\"attachment-full size-full\" alt=\"GeoSpectrum - Pomiar sejsmiczny uphole\" loading=\"lazy\" srcset=\"https:\/\/www.geospectrum.pl\/wp-content\/uploads\/2017\/02\/uphole04.png 365w, https:\/\/www.geospectrum.pl\/wp-content\/uploads\/2017\/02\/uphole04-169x300.png 169w\" sizes=\"auto, (max-width: 365px) 100vw, 365px\" \/><\/a><\/div><\/div><\/div><\/div><\/div><div class=\"g-cols wpb_row wiersz-podpisu via_flex valign_top type_default stacking_default\"><div class=\"vc_col-sm-12 wpb_column vc_column_container\"><div class=\"vc_column-inner\"><div class=\"wpb_wrapper\"><div class=\"wpb_text_column podpis\"><div class=\"wpb_wrapper\"><p>Lokalizacja wiertnicy (po lewej) oraz pomiar &#8222;uphole&#8221; (po prawej)<\/p>\n<\/div><\/div><\/div><\/div><\/div><\/div><div class=\"g-cols wpb_row zdjecia-kolumny via_flex valign_top type_default stacking_default\"><div class=\"vc_col-sm-6 wpb_column vc_column_container\"><div class=\"vc_column-inner\"><div class=\"wpb_wrapper\"><div class=\"w-image align_center\"><a href=\"https:\/\/www.geospectrum.pl\/pl\/zastosowania\/geofizyka-poszukiwawcza\/\" aria-label=\"GeoSpectrum - Wiertnica w trakcie wykonywania otworu do pomiar\u00f3w sejsmicznych uphole\" class=\"w-image-h\"><img decoding=\"async\" width=\"365\" height=\"205\" src=\"https:\/\/www.geospectrum.pl\/wp-content\/uploads\/2017\/02\/uphole06.png\" class=\"attachment-full size-full\" alt=\"GeoSpectrum - Wiertnica w trakcie wykonywania otworu do pomiar\u00f3w sejsmicznych uphole\" loading=\"lazy\" srcset=\"https:\/\/www.geospectrum.pl\/wp-content\/uploads\/2017\/02\/uphole06.png 365w, https:\/\/www.geospectrum.pl\/wp-content\/uploads\/2017\/02\/uphole06-300x168.png 300w\" sizes=\"auto, (max-width: 365px) 100vw, 365px\" \/><\/a><\/div><\/div><\/div><\/div><div class=\"vc_col-sm-6 wpb_column vc_column_container\"><div class=\"vc_column-inner\"><div class=\"wpb_wrapper\"><div class=\"w-image align_center\"><a href=\"https:\/\/www.geospectrum.pl\/pl\/zastosowania\/geofizyka-poszukiwawcza\/\" aria-label=\"GeoSpectrum - Otw\u00f3r po ucieczce p\u0142uczki\" class=\"w-image-h\"><img decoding=\"async\" width=\"365\" height=\"205\" src=\"https:\/\/www.geospectrum.pl\/wp-content\/uploads\/2017\/02\/uphole05.png\" class=\"attachment-full size-full\" alt=\"GeoSpectrum - Otw\u00f3r po ucieczce p\u0142uczki\" loading=\"lazy\" srcset=\"https:\/\/www.geospectrum.pl\/wp-content\/uploads\/2017\/02\/uphole05.png 365w, https:\/\/www.geospectrum.pl\/wp-content\/uploads\/2017\/02\/uphole05-300x168.png 300w\" sizes=\"auto, (max-width: 365px) 100vw, 365px\" \/><\/a><\/div><\/div><\/div><\/div><\/div><div class=\"g-cols wpb_row wiersz-podpisu via_flex valign_top type_default stacking_default\"><div class=\"vc_col-sm-12 wpb_column vc_column_container\"><div class=\"vc_column-inner\"><div class=\"wpb_wrapper\"><div class=\"wpb_text_column podpis\"><div class=\"wpb_wrapper\"><p>Wiercenie otworu (po lewej) oraz ucieczka p\u0142uczki w otworze (po prawej)<\/p>\n<\/div><\/div><\/div><\/div><\/div><\/div><\/div><\/div><\/div><div class=\"vc_col-sm-4 wpb_column vc_column_container\"><div class=\"vc_column-inner\"><div class=\"wpb_wrapper\"><div class=\"wpb_text_column ofertatresc\"><div class=\"wpb_wrapper\"><h2>Nasza <b>oferta<\/b><\/h2>\n<\/div><\/div><div class=\"w-grid type_grid layout_3700 cols_2\" id=\"us_grid_1\" style=\"--columns:2;--gap:4px;\" data-filterable=\"true\"><style>@media (max-width:600px){#us_grid_1{--columns:1!important}}.layout_3700 .w-grid-item-h{background:rgba(0,0,0,0.91);color:#ffffff}.layout_3700 .usg_post_image_1{transition-duration:0.4s;transform:scale(1.1) translate(0%,0%);opacity:0.65}.layout_3700 .w-grid-item-h:hover .usg_post_image_1{transform:scale(1) translate(0%,0%);opacity:0.1}.layout_3700 .usg_html_1{transition-duration:0.5s;transform:scale(1.20) translate(0%,0%)}.layout_3700 .w-grid-item-h:hover .usg_html_1{transform:scale(0.85) translate(0%,0%);opacity:1}.layout_3700 .usg_post_image_2{transition-duration:0.3s;transform:scale(1) translate(0%,0%);opacity:0}.layout_3700 .w-grid-item-h:hover .usg_post_image_2{transform:scale(1) translate(0%,0%);opacity:0}.layout_3700 .usg_post_title_1{position:absolute!important;right:0!important;left:0!important;font-family:var(--font-family)!important;font-size:1.2rem!important;color:inherit!important}.layout_3700 .usg_vwrapper_2{margin-top:0!important;margin-bottom:0!important;padding-top:0!important;padding-bottom:0!important;background:#000000!important}.layout_3700 .usg_html_1{position:absolute!important;top:0!important;right:0!important;bottom:0!important;left:0!important;margin-bottom:0!important;padding-bottom:0!important;border:2px solid #ffffff!important}.layout_3700 .usg_post_image_2{position:absolute!important;top:0!important;right:0!important;bottom:0!important;left:0!important;margin-bottom:0!important;padding-bottom:0!important}<\/style><div class=\"w-grid-list\">\t<article class=\"w-grid-item size_1x1 custom-link post-32 us_portfolio type-us_portfolio status-publish has-post-thumbnail hentry us_portfolio_category-oferta\" data-id=\"32\">\r\n\t\t<div class=\"w-grid-item-h\" style=\"background:rgba(0,0,0,0);\">\r\n\t\t\t\t\t\t\t<a href=\"https:\/\/www.geospectrum.pl\/pl\/zastosowania\/nawierzchnie\/\" aria-label=\"Diagnostyka &lt;br&gt;nawierzchni\"><\/a>\r\n\t\t\t\t\t\t<div class=\"w-vwrapper usg_vwrapper_2 align_center valign_middle\"><div class=\"w-post-elm post_image usg_post_image_1 stretched\"><a href=\"https:\/\/www.geospectrum.pl\/pl\/portfolio\/diagnostyka-nawierzchni\/\" aria-label=\"Diagnostyka nawierzchni\"><img loading=\"lazy\" decoding=\"async\" width=\"320\" height=\"320\" src=\"https:\/\/www.geospectrum.pl\/wp-content\/uploads\/2017\/01\/diagnostyka-nawierzchni.jpg\" class=\"attachment-us_600_600_crop size-us_600_600_crop wp-post-image\" alt=\"\" \/><\/a><\/div><div class=\"w-html usg_html_1\"><\/div><div class=\"w-post-elm post_image usg_post_image_2 stretched\"><a href=\"https:\/\/www.geospectrum.pl\/pl\/zastosowania\/nawierzchnie\/\" aria-label=\"Diagnostyka nawierzchni\"><img loading=\"lazy\" decoding=\"async\" width=\"320\" height=\"320\" src=\"https:\/\/www.geospectrum.pl\/wp-content\/uploads\/2017\/01\/diagnostyka-nawierzchni.jpg\" class=\"attachment-us_600_600_crop size-us_600_600_crop wp-post-image\" alt=\"\" \/><\/a><\/div><h2 class=\"w-post-elm post_title usg_post_title_1 has_text_color align_center entry-title color_link_inherit\"><a href=\"https:\/\/www.geospectrum.pl\/pl\/zastosowania\/nawierzchnie\/\">Diagnostyka <br>nawierzchni<\/a><\/h2><\/div>\t\t<\/div>\r\n\t\t\t<\/article>\r\n\t<article class=\"w-grid-item size_1x1 custom-link post-34 us_portfolio type-us_portfolio status-publish has-post-thumbnail hentry us_portfolio_category-oferta\" data-id=\"34\">\r\n\t\t<div class=\"w-grid-item-h\" style=\"background:rgba(0,0,0,0);\">\r\n\t\t\t\t\t\t\t<a href=\"https:\/\/www.geospectrum.pl\/pl\/zastosowania\/podloze\/\" aria-label=\"Badania &lt;br&gt;pod\u0142o\u017ca\"><\/a>\r\n\t\t\t\t\t\t<div class=\"w-vwrapper usg_vwrapper_2 align_center valign_middle\"><div class=\"w-post-elm post_image usg_post_image_1 stretched\"><a href=\"https:\/\/www.geospectrum.pl\/pl\/portfolio\/badania-podloza\/\" aria-label=\"Badania pod\u0142o\u017ca\"><img loading=\"lazy\" decoding=\"async\" width=\"320\" height=\"320\" src=\"https:\/\/www.geospectrum.pl\/wp-content\/uploads\/2017\/01\/badania-podloza.jpg\" class=\"attachment-us_600_600_crop size-us_600_600_crop wp-post-image\" alt=\"\" \/><\/a><\/div><div class=\"w-html usg_html_1\"><\/div><div class=\"w-post-elm post_image usg_post_image_2 stretched\"><a href=\"https:\/\/www.geospectrum.pl\/pl\/zastosowania\/podloze\/\" aria-label=\"Badania pod\u0142o\u017ca\"><img loading=\"lazy\" decoding=\"async\" width=\"320\" height=\"320\" src=\"https:\/\/www.geospectrum.pl\/wp-content\/uploads\/2017\/01\/badania-podloza.jpg\" class=\"attachment-us_600_600_crop size-us_600_600_crop wp-post-image\" alt=\"\" \/><\/a><\/div><h2 class=\"w-post-elm post_title usg_post_title_1 has_text_color align_center entry-title color_link_inherit\"><a href=\"https:\/\/www.geospectrum.pl\/pl\/zastosowania\/podloze\/\">Badania <br>pod\u0142o\u017ca<\/a><\/h2><\/div>\t\t<\/div>\r\n\t\t\t<\/article>\r\n\t<article class=\"w-grid-item size_1x1 custom-link post-36 us_portfolio type-us_portfolio status-publish has-post-thumbnail hentry us_portfolio_category-oferta us_portfolio_tag-geofizyka us_portfolio_tag-kubatura us_portfolio_tag-masw us_portfolio_tag-sejsmika\" data-id=\"36\">\r\n\t\t<div class=\"w-grid-item-h\" style=\"background:rgba(0,0,0,0);\">\r\n\t\t\t\t\t\t\t<a href=\"https:\/\/www.geospectrum.pl\/pl\/zastosowania\/statecznosc\/\" aria-label=\"Analiza &lt;br&gt;stateczno\u015bci\"><\/a>\r\n\t\t\t\t\t\t<div class=\"w-vwrapper usg_vwrapper_2 align_center valign_middle\"><div class=\"w-post-elm post_image usg_post_image_1 stretched\"><a href=\"https:\/\/www.geospectrum.pl\/pl\/portfolio\/analiza-statecznosci\/\" aria-label=\"Analiza stateczno\u015bci\"><img loading=\"lazy\" decoding=\"async\" width=\"320\" height=\"320\" src=\"https:\/\/www.geospectrum.pl\/wp-content\/uploads\/2017\/01\/analiza-statecznosci.jpg\" class=\"attachment-us_600_600_crop size-us_600_600_crop wp-post-image\" alt=\"\" \/><\/a><\/div><div class=\"w-html usg_html_1\"><\/div><div class=\"w-post-elm post_image usg_post_image_2 stretched\"><a href=\"https:\/\/www.geospectrum.pl\/pl\/zastosowania\/statecznosc\/\" aria-label=\"Analiza stateczno\u015bci\"><img loading=\"lazy\" decoding=\"async\" width=\"320\" height=\"320\" src=\"https:\/\/www.geospectrum.pl\/wp-content\/uploads\/2017\/01\/analiza-statecznosci.jpg\" class=\"attachment-us_600_600_crop size-us_600_600_crop wp-post-image\" alt=\"\" \/><\/a><\/div><h2 class=\"w-post-elm post_title usg_post_title_1 has_text_color align_center entry-title color_link_inherit\"><a href=\"https:\/\/www.geospectrum.pl\/pl\/zastosowania\/statecznosc\/\">Analiza <br>stateczno\u015bci<\/a><\/h2><\/div>\t\t<\/div>\r\n\t\t\t<\/article>\r\n\t<article class=\"w-grid-item size_1x1 custom-link post-39 us_portfolio type-us_portfolio status-publish has-post-thumbnail hentry us_portfolio_category-oferta\" data-id=\"39\">\r\n\t\t<div class=\"w-grid-item-h\" style=\"background:rgba(0,0,0,0);\">\r\n\t\t\t\t\t\t\t<a href=\"https:\/\/www.geospectrum.pl\/pl\/zastosowania\/kubatura\/\" aria-label=\"Obliczenia &lt;br&gt;kubatury\"><\/a>\r\n\t\t\t\t\t\t<div class=\"w-vwrapper usg_vwrapper_2 align_center valign_middle\"><div class=\"w-post-elm post_image usg_post_image_1 stretched\"><a href=\"https:\/\/www.geospectrum.pl\/pl\/portfolio\/obliczenia-kubatury\/\" aria-label=\"Obliczenia kubatury\"><img loading=\"lazy\" decoding=\"async\" width=\"320\" height=\"320\" src=\"https:\/\/www.geospectrum.pl\/wp-content\/uploads\/2017\/01\/obliczenia-kubatury.jpg\" class=\"attachment-us_600_600_crop size-us_600_600_crop wp-post-image\" alt=\"\" srcset=\"https:\/\/www.geospectrum.pl\/wp-content\/uploads\/2017\/01\/obliczenia-kubatury.jpg 320w, https:\/\/www.geospectrum.pl\/wp-content\/uploads\/2017\/01\/obliczenia-kubatury-300x300.jpg 300w, https:\/\/www.geospectrum.pl\/wp-content\/uploads\/2017\/01\/obliczenia-kubatury-150x150.jpg 150w\" sizes=\"auto, (max-width: 320px) 100vw, 320px\" \/><\/a><\/div><div class=\"w-html usg_html_1\"><\/div><div class=\"w-post-elm post_image usg_post_image_2 stretched\"><a href=\"https:\/\/www.geospectrum.pl\/pl\/zastosowania\/kubatura\/\" aria-label=\"Obliczenia kubatury\"><img loading=\"lazy\" decoding=\"async\" width=\"320\" height=\"320\" src=\"https:\/\/www.geospectrum.pl\/wp-content\/uploads\/2017\/01\/obliczenia-kubatury.jpg\" class=\"attachment-us_600_600_crop size-us_600_600_crop wp-post-image\" alt=\"\" srcset=\"https:\/\/www.geospectrum.pl\/wp-content\/uploads\/2017\/01\/obliczenia-kubatury.jpg 320w, https:\/\/www.geospectrum.pl\/wp-content\/uploads\/2017\/01\/obliczenia-kubatury-300x300.jpg 300w, https:\/\/www.geospectrum.pl\/wp-content\/uploads\/2017\/01\/obliczenia-kubatury-150x150.jpg 150w\" sizes=\"auto, (max-width: 320px) 100vw, 320px\" \/><\/a><\/div><h2 class=\"w-post-elm post_title usg_post_title_1 has_text_color align_center entry-title color_link_inherit\"><a href=\"https:\/\/www.geospectrum.pl\/pl\/zastosowania\/kubatura\/\">Obliczenia <br>kubatury<\/a><\/h2><\/div>\t\t<\/div>\r\n\t\t\t<\/article>\r\n\t<article class=\"w-grid-item size_1x1 custom-link post-41 us_portfolio type-us_portfolio status-publish has-post-thumbnail hentry us_portfolio_category-oferta\" data-id=\"41\">\r\n\t\t<div class=\"w-grid-item-h\" style=\"background:rgba(0,0,0,0);\">\r\n\t\t\t\t\t\t\t<a href=\"https:\/\/www.geospectrum.pl\/pl\/zastosowania\/gornictwo-i-geologia\/\" aria-label=\"G\u00f3rnictwo &lt;br&gt;geologia\"><\/a>\r\n\t\t\t\t\t\t<div class=\"w-vwrapper usg_vwrapper_2 align_center valign_middle\"><div class=\"w-post-elm post_image usg_post_image_1 stretched\"><a href=\"https:\/\/www.geospectrum.pl\/pl\/portfolio\/gornictwoi-geologia\/\" aria-label=\"G\u00f3rnictwo geologia\"><img loading=\"lazy\" decoding=\"async\" width=\"320\" height=\"320\" src=\"https:\/\/www.geospectrum.pl\/wp-content\/uploads\/2017\/01\/gornictwo-i-geologia.jpg\" class=\"attachment-us_600_600_crop size-us_600_600_crop wp-post-image\" alt=\"GeoSpectrum - G\u00f3rnictwo i geologia\" \/><\/a><\/div><div class=\"w-html usg_html_1\"><\/div><div class=\"w-post-elm post_image usg_post_image_2 stretched\"><a href=\"https:\/\/www.geospectrum.pl\/pl\/zastosowania\/gornictwo-i-geologia\/\" aria-label=\"G\u00f3rnictwo geologia\"><img loading=\"lazy\" decoding=\"async\" width=\"320\" height=\"320\" src=\"https:\/\/www.geospectrum.pl\/wp-content\/uploads\/2017\/01\/gornictwo-i-geologia.jpg\" class=\"attachment-us_600_600_crop size-us_600_600_crop wp-post-image\" alt=\"GeoSpectrum - G\u00f3rnictwo i geologia\" \/><\/a><\/div><h2 class=\"w-post-elm post_title usg_post_title_1 has_text_color align_center entry-title color_link_inherit\"><a href=\"https:\/\/www.geospectrum.pl\/pl\/zastosowania\/gornictwo-i-geologia\/\">G\u00f3rnictwo <br>geologia<\/a><\/h2><\/div>\t\t<\/div>\r\n\t\t\t<\/article>\r\n\t<article class=\"w-grid-item size_1x1 custom-link post-43 us_portfolio type-us_portfolio status-publish has-post-thumbnail hentry us_portfolio_category-oferta\" data-id=\"43\">\r\n\t\t<div class=\"w-grid-item-h\" style=\"background:rgba(0,0,0,0);\">\r\n\t\t\t\t\t\t\t<a href=\"https:\/\/www.geospectrum.pl\/pl\/zastosowania\/budownictwo\/\" aria-label=\"Budownictwo\"><\/a>\r\n\t\t\t\t\t\t<div class=\"w-vwrapper usg_vwrapper_2 align_center valign_middle\"><div class=\"w-post-elm post_image usg_post_image_1 stretched\"><a href=\"https:\/\/www.geospectrum.pl\/pl\/portfolio\/budownictwo\/\" aria-label=\"Budownictwo\"><img loading=\"lazy\" decoding=\"async\" width=\"320\" height=\"320\" src=\"https:\/\/www.geospectrum.pl\/wp-content\/uploads\/2017\/01\/budownictwo-1.jpg\" class=\"attachment-us_600_600_crop size-us_600_600_crop wp-post-image\" alt=\"GeoSpectrum - Budownictwo\" \/><\/a><\/div><div class=\"w-html usg_html_1\"><\/div><div class=\"w-post-elm post_image usg_post_image_2 stretched\"><a href=\"https:\/\/www.geospectrum.pl\/pl\/zastosowania\/budownictwo\/\" aria-label=\"Budownictwo\"><img loading=\"lazy\" decoding=\"async\" width=\"320\" height=\"320\" src=\"https:\/\/www.geospectrum.pl\/wp-content\/uploads\/2017\/01\/budownictwo-1.jpg\" class=\"attachment-us_600_600_crop size-us_600_600_crop wp-post-image\" alt=\"GeoSpectrum - Budownictwo\" \/><\/a><\/div><h2 class=\"w-post-elm post_title usg_post_title_1 has_text_color align_center entry-title color_link_inherit\"><a href=\"https:\/\/www.geospectrum.pl\/pl\/zastosowania\/budownictwo\/\">Budownictwo<\/a><\/h2><\/div>\t\t<\/div>\r\n\t\t\t<\/article>\r\n\t<article class=\"w-grid-item size_1x1 custom-link post-45 us_portfolio type-us_portfolio status-publish has-post-thumbnail hentry us_portfolio_category-oferta\" data-id=\"45\">\r\n\t\t<div class=\"w-grid-item-h\" style=\"background:rgba(0,0,0,0);\">\r\n\t\t\t\t\t\t\t<a href=\"https:\/\/www.geospectrum.pl\/pl\/zastosowania\/lokalizacja-obiektow\/\" aria-label=\"Lokalizacja&lt;br&gt; obiekt\u00f3w\"><\/a>\r\n\t\t\t\t\t\t<div class=\"w-vwrapper usg_vwrapper_2 align_center valign_middle\"><div class=\"w-post-elm post_image usg_post_image_1 stretched\"><a href=\"https:\/\/www.geospectrum.pl\/pl\/portfolio\/lokalizacjaobiektow\/\" aria-label=\"Lokalizacja obiekt\u00f3w\"><img loading=\"lazy\" decoding=\"async\" width=\"365\" height=\"365\" src=\"https:\/\/www.geospectrum.pl\/wp-content\/uploads\/2026\/02\/wielkokubaturowe01.png\" class=\"attachment-us_600_600_crop size-us_600_600_crop wp-post-image\" alt=\"\" srcset=\"https:\/\/www.geospectrum.pl\/wp-content\/uploads\/2026\/02\/wielkokubaturowe01.png 365w, https:\/\/www.geospectrum.pl\/wp-content\/uploads\/2026\/02\/wielkokubaturowe01-300x300.png 300w, https:\/\/www.geospectrum.pl\/wp-content\/uploads\/2026\/02\/wielkokubaturowe01-150x150.png 150w, https:\/\/www.geospectrum.pl\/wp-content\/uploads\/2026\/02\/wielkokubaturowe01-350x350.png 350w\" sizes=\"auto, (max-width: 365px) 100vw, 365px\" \/><\/a><\/div><div class=\"w-html usg_html_1\"><\/div><div class=\"w-post-elm post_image usg_post_image_2 stretched\"><a href=\"https:\/\/www.geospectrum.pl\/pl\/zastosowania\/lokalizacja-obiektow\/\" aria-label=\"Lokalizacja obiekt\u00f3w\"><img loading=\"lazy\" decoding=\"async\" width=\"365\" height=\"365\" src=\"https:\/\/www.geospectrum.pl\/wp-content\/uploads\/2026\/02\/wielkokubaturowe01.png\" class=\"attachment-us_600_600_crop size-us_600_600_crop wp-post-image\" alt=\"\" srcset=\"https:\/\/www.geospectrum.pl\/wp-content\/uploads\/2026\/02\/wielkokubaturowe01.png 365w, https:\/\/www.geospectrum.pl\/wp-content\/uploads\/2026\/02\/wielkokubaturowe01-300x300.png 300w, https:\/\/www.geospectrum.pl\/wp-content\/uploads\/2026\/02\/wielkokubaturowe01-150x150.png 150w, https:\/\/www.geospectrum.pl\/wp-content\/uploads\/2026\/02\/wielkokubaturowe01-350x350.png 350w\" sizes=\"auto, (max-width: 365px) 100vw, 365px\" \/><\/a><\/div><h2 class=\"w-post-elm post_title usg_post_title_1 has_text_color align_center entry-title color_link_inherit\"><a href=\"https:\/\/www.geospectrum.pl\/pl\/zastosowania\/lokalizacja-obiektow\/\">Lokalizacja<br> obiekt\u00f3w<\/a><\/h2><\/div>\t\t<\/div>\r\n\t\t\t<\/article>\r\n\t<article class=\"w-grid-item size_1x1 custom-link post-47 us_portfolio type-us_portfolio status-publish has-post-thumbnail hentry us_portfolio_category-oferta\" data-id=\"47\">\r\n\t\t<div class=\"w-grid-item-h\" style=\"background:rgba(0,0,0,0);\">\r\n\t\t\t\t\t\t\t<a href=\"https:\/\/www.geospectrum.pl\/pl\/zastosowania\/geofizyka-poszukiwawcza\/\" aria-label=\"Geofizyka &lt;br&gt;poszukiwawcza\"><\/a>\r\n\t\t\t\t\t\t<div class=\"w-vwrapper usg_vwrapper_2 align_center valign_middle\"><div class=\"w-post-elm post_image usg_post_image_1 stretched\"><a href=\"https:\/\/www.geospectrum.pl\/pl\/portfolio\/geofizykaposzukiwawcza\/\" aria-label=\"Geofizyka poszukiwawcza\"><img loading=\"lazy\" decoding=\"async\" width=\"320\" height=\"320\" src=\"https:\/\/www.geospectrum.pl\/wp-content\/uploads\/2017\/01\/geofizyka-poszukiwawcza-1.jpg\" class=\"attachment-us_600_600_crop size-us_600_600_crop wp-post-image\" alt=\"\" \/><\/a><\/div><div class=\"w-html usg_html_1\"><\/div><div class=\"w-post-elm post_image usg_post_image_2 stretched\"><a href=\"https:\/\/www.geospectrum.pl\/pl\/zastosowania\/geofizyka-poszukiwawcza\/\" aria-label=\"Geofizyka poszukiwawcza\"><img loading=\"lazy\" decoding=\"async\" width=\"320\" height=\"320\" src=\"https:\/\/www.geospectrum.pl\/wp-content\/uploads\/2017\/01\/geofizyka-poszukiwawcza-1.jpg\" class=\"attachment-us_600_600_crop size-us_600_600_crop wp-post-image\" alt=\"\" \/><\/a><\/div><h2 class=\"w-post-elm post_title usg_post_title_1 has_text_color align_center entry-title color_link_inherit\"><a href=\"https:\/\/www.geospectrum.pl\/pl\/zastosowania\/geofizyka-poszukiwawcza\/\">Geofizyka <br>poszukiwawcza<\/a><\/h2><\/div>\t\t<\/div>\r\n\t\t\t<\/article>\r\n<\/div><div class=\"w-grid-preloader\">\t<div class=\"g-preloader type_1\">\r\n\t\t<div><\/div>\r\n\t<\/div>\r\n\t<\/div>\t<div class=\"w-grid-json hidden\" onclick='return {&quot;action&quot;:&quot;us_ajax_grid&quot;,&quot;infinite_scroll&quot;:0,&quot;max_num_pages&quot;:1,&quot;pagination&quot;:&quot;none&quot;,&quot;template_vars&quot;:{&quot;columns&quot;:&quot;2&quot;,&quot;exclude_items&quot;:&quot;none&quot;,&quot;img_size&quot;:&quot;us_600_600_crop&quot;,&quot;ignore_items_size&quot;:0,&quot;items_layout&quot;:&quot;3700&quot;,&quot;items_offset&quot;:&quot;1&quot;,&quot;load_animation&quot;:&quot;none&quot;,&quot;overriding_link&quot;:&quot;{\\&quot;url\\&quot;:\\&quot;\\&quot;}&quot;,&quot;post_id&quot;:0,&quot;query_args&quot;:{&quot;post_type&quot;:[&quot;us_portfolio&quot;],&quot;tax_query&quot;:[{&quot;taxonomy&quot;:&quot;us_portfolio_category&quot;,&quot;field&quot;:&quot;slug&quot;,&quot;terms&quot;:[&quot;oferta&quot;]}],&quot;post_status&quot;:[&quot;publish&quot;],&quot;posts_per_page&quot;:999},&quot;orderby_query_args&quot;:{&quot;orderby&quot;:{&quot;date&quot;:&quot;ASC&quot;}},&quot;type&quot;:&quot;grid&quot;,&quot;us_grid_post_type&quot;:&quot;us_portfolio&quot;,&quot;us_grid_ajax_index&quot;:1,&quot;us_grid_filter_query_string&quot;:null,&quot;us_grid_index&quot;:1,&quot;page_args&quot;:[]}}'><\/div>\r\n\t<\/div><\/div><\/div><\/div><\/div><\/div><\/section>\n","protected":false},"excerpt":{"rendered":"","protected":false},"author":1,"featured_media":0,"parent":409,"menu_order":0,"comment_status":"closed","ping_status":"closed","template":"","meta":{"footnotes":""},"class_list":["post-255","page","type-page","status-publish","hentry"],"aioseo_notices":[],"_links":{"self":[{"href":"https:\/\/www.geospectrum.pl\/pl\/wp-json\/wp\/v2\/pages\/255","targetHints":{"allow":["GET"]}}],"collection":[{"href":"https:\/\/www.geospectrum.pl\/pl\/wp-json\/wp\/v2\/pages"}],"about":[{"href":"https:\/\/www.geospectrum.pl\/pl\/wp-json\/wp\/v2\/types\/page"}],"author":[{"embeddable":true,"href":"https:\/\/www.geospectrum.pl\/pl\/wp-json\/wp\/v2\/users\/1"}],"replies":[{"embeddable":true,"href":"https:\/\/www.geospectrum.pl\/pl\/wp-json\/wp\/v2\/comments?post=255"}],"version-history":[{"count":12,"href":"https:\/\/www.geospectrum.pl\/pl\/wp-json\/wp\/v2\/pages\/255\/revisions"}],"predecessor-version":[{"id":5626,"href":"https:\/\/www.geospectrum.pl\/pl\/wp-json\/wp\/v2\/pages\/255\/revisions\/5626"}],"up":[{"embeddable":true,"href":"https:\/\/www.geospectrum.pl\/pl\/wp-json\/wp\/v2\/pages\/409"}],"wp:attachment":[{"href":"https:\/\/www.geospectrum.pl\/pl\/wp-json\/wp\/v2\/media?parent=255"}],"curies":[{"name":"wp","href":"https:\/\/api.w.org\/{rel}","templated":true}]}}