{"id":354,"date":"2017-02-07T17:17:50","date_gmt":"2017-02-07T16:17:50","guid":{"rendered":"http:\/\/geospectrum.pl\/?page_id=354"},"modified":"2026-04-17T16:14:10","modified_gmt":"2026-04-17T14:14:10","slug":"refleksyjne","status":"publish","type":"page","link":"https:\/\/www.geospectrum.pl\/pl\/badania-geofizyczne\/sejsmiczne\/refleksyjne\/","title":{"rendered":"REFLEKSYJNE"},"content":{"rendered":"<section class=\"l-section wpb_row tlotresc height_medium with_img\"><div class=\"l-section-img\" role=\"img\" data-img-width=\"1400\" data-img-height=\"308\" style=\"background-image: url(https:\/\/www.geospectrum.pl\/wp-content\/uploads\/2017\/01\/naglowek.jpg);\"><\/div><div class=\"l-section-h i-cf\"><div class=\"g-cols vc_row via_flex valign_top type_default stacking_default\"><div class=\"vc_col-sm-12 wpb_column vc_column_container\"><div class=\"vc_column-inner\"><div class=\"wpb_wrapper\"><\/div><\/div><\/div><\/div><\/div><\/section><section class=\"l-section wpb_row height_medium\"><div class=\"l-section-h i-cf\"><div class=\"g-cols vc_row via_flex valign_top type_default stacking_default\"><div class=\"vc_col-sm-8 wpb_column vc_column_container tresc has_bg_color\"><div class=\"vc_column-inner us_custom_4fb9e5a3\"><div class=\"wpb_wrapper\"><div class=\"g-cols wpb_row okruszki-kontener via_flex valign_top type_default stacking_default\"><div class=\"vc_col-sm-12 wpb_column vc_column_container\"><div class=\"vc_column-inner\"><div class=\"wpb_wrapper\"><div class=\"wpb_text_column okruszki\"><div class=\"wpb_wrapper\"><p><a href=\"https:\/\/www.geospectrum.pl\/pl\/\">Strona g\u0142\u00f3wna<\/a> | <a href=\"https:\/\/www.geospectrum.pl\/pl\/baza-wiedzy\/\">Baza wiedzy<\/a>\u00a0| <a href=\"https:\/\/www.geospectrum.pl\/pl\/badania-geofizyczne\/\">Badania geofizyczne<\/a>\u00a0| <a href=\"https:\/\/www.geospectrum.pl\/pl\/badania-geofizyczne\/sejsmiczne\/\">Badania sejsmiczne<\/a>\u00a0| Refleksyjne<\/p>\n<\/div><\/div><\/div><\/div><\/div><\/div><div class=\"g-cols wpb_row zdjecia-kolumny via_flex valign_top type_default stacking_default\"><div class=\"vc_col-sm-12 wpb_column vc_column_container\"><div class=\"vc_column-inner\"><div class=\"wpb_wrapper\"><div class=\"wpb_text_column\"><div class=\"wpb_wrapper\"><h1><strong>BADANIA SEJSMICZNE TECHNIK\u0104 REFLEKSYJN\u0104<\/strong><\/h1>\n<p><strong>Pomiary refleksyjne s\u0105 metod\u0105 pozwalaj\u0105c\u0105 na uzyskanie obrazu struktur geologicznych, szczeg\u00f3lnie z wi\u0119kszych g\u0142\u0119boko\u015bci.<\/strong> Pomiary takie polegaj\u0105 na rejestracji i analizie sztucznie wywo\u0142anej i odbitej fali sejsmicznej, od granic warstw geologicznych. Zasada dzia\u0142ania jest zbli\u017cona do metody georadarowej, tyle \u017ce w pomiarach refleksyjnych wykorzystywane s\u0105 fale sejsmiczne a w pomiarach georadarowych &#8211; fale elektromagnetyczne.<\/p>\n<\/div><\/div><\/div><\/div><\/div><\/div><div class=\"g-cols wpb_row zdjecia-kolumny via_flex valign_top type_default stacking_default\"><div class=\"vc_col-sm-12 wpb_column vc_column_container\"><div class=\"vc_column-inner\"><div class=\"wpb_wrapper\"><div class=\"w-image align_center\"><a href=\"https:\/\/www.geospectrum.pl\/pl\/badania-geofizyczne\/sejsmiczne\/refleksyjne\/\" aria-label=\"Kierunki rozchodzenia si\u0119 fal sejsmicznych refleksyjnych\" class=\"w-image-h\"><img decoding=\"async\" width=\"740\" height=\"561\" src=\"https:\/\/www.geospectrum.pl\/wp-content\/uploads\/2017\/02\/schemat_refleksyjna-1.png\" class=\"attachment-full size-full\" alt=\"refleksyjne\" loading=\"lazy\" srcset=\"https:\/\/www.geospectrum.pl\/wp-content\/uploads\/2017\/02\/schemat_refleksyjna-1.png 740w, https:\/\/www.geospectrum.pl\/wp-content\/uploads\/2017\/02\/schemat_refleksyjna-1-300x227.png 300w, https:\/\/www.geospectrum.pl\/wp-content\/uploads\/2017\/02\/schemat_refleksyjna-1-600x455.png 600w\" sizes=\"auto, (max-width: 740px) 100vw, 740px\" \/><\/a><\/div><\/div><\/div><\/div><\/div><div class=\"g-cols wpb_row zdjecia-kolumny via_flex valign_middle type_default stacking_default\"><div class=\"vc_col-sm-12 wpb_column vc_column_container\"><div class=\"vc_column-inner\"><div class=\"wpb_wrapper\"><div class=\"wpb_text_column\"><div class=\"wpb_wrapper\"><p>Pocz\u0105tkowo sejsmika refleksyjna s\u0142u\u017cy\u0142a jako jedno z narz\u0119dzi poszukiwa\u0144 w\u0119glowodor\u00f3w &#8211; ropy naftowej i gazu ziemnego. Z czasem liczba zastosowa\u0144 ros\u0142a a obecnie metoda ta znajduje wiele zastosowa\u0144 wsz\u0119dzie tam, gdzie wymagana jest dok\u0142adna znajomo\u015b\u0107 struktury geologicznej terenu np. wysady solne, \u017ar\u00f3d\u0142a geotermalne oraz wykrywanie z\u0142\u00f3\u017c kopalin, oceny stateczno\u015bci pod\u0142o\u017ca, monitoringu eksploatacji.<\/p>\n<p>Pomiar refleksyjny polega na wygenerowaniu przez \u017ar\u00f3d\u0142o fal sejsmicznych, a nast\u0119pnie ich rejestracji przez czujniki drga\u0144 umieszczone na powierzchni ziemi w punktach odbioru. Drgania docieraj\u0105ce do punkt\u00f3w odbioru s\u0105 wynikiem rozchodzenia si\u0119 i odbi\u0107 fali sejsmicznej od granic geologicznych. Przy projektowaniu punkt\u00f3w wzbudzenia i odbioru nale\u017cy przestrzega\u0107 zasady wielokrotnego pokrycia &#8211; przez ka\u017cdy punkt odbicia powinno przechodzi\u0107 min. kilkadziesi\u0105t promieni sejsmicznych. Ma ona na celu wzmocnienie sygna\u0142u pochodz\u0105cego z ka\u017cdego punktu odbicia.<\/p>\n<p>Odbi\u00f3r i rejestracja za pomoc\u0105 sejsmografu odbi\u0107 od struktur podziemnych fal sejsmicznych prowadzi do opracowania tzw. hodograf\u00f3w czyli krzywych czasu przyj\u015bcia tej fali do kolejnych odbiornik\u00f3w np. geofon\u00f3w (lub ich grup tworz\u0105cych kana\u0142 sejsmiczny). Badania t\u0105 metod\u0105 jest mo\u017cliwe, gdy o\u015brodek musi by\u0107 warstwowany, o upadzie warstw do 45\u00b0 i niewielkim zuskokowaniu. Odbicia fali nast\u0119puj\u0105 w miejscach gdzie o\u015brodki r\u00f3\u017cni\u0105 si\u0119 tzw. impedancj\u0105 akustyczn\u0105.<br \/>\nZarejestrowane w czasie pomiaru dane wymagaj\u0105 skomplikowanych procedur przetwarzania, zanim mo\u017cliwe b\u0119dzie uzyskanie sejsmicznego obrazu struktury geologicznej.<\/p>\n<\/div><\/div><div class=\"wpb_text_column\"><div class=\"wpb_wrapper\"><p><strong>Metod\u0119 sejsmiczn\u0105 technik\u0105 refleksyjn\u0105 mo\u017cna wykorzysta\u0107 do okre\u015blenia i wyznaczenia:<\/strong><\/p>\n<ul>\n<li><strong>granic litologicznych, facjalnych,<\/strong><\/li>\n<li><strong>warstwowania budowy geologicznej,<\/strong><\/li>\n<li>granic oddzielaj\u0105cych strefy o r\u00f3\u017cnym stanu zwietrzenia,<\/li>\n<li><strong>granicy przebiegu pod\u0142o\u017ca skalnego,<\/strong><\/li>\n<li>poziomu zwierciad\u0142a w\u00f3d,<\/li>\n<li><strong>stref uskokowych, stref sp\u0119ka\u0144 i os\u0142abienia,<\/strong><\/li>\n<li><strong>monitoringu eksploatacji z\u0142\u00f3\u017c np. siarki.<\/strong><\/li>\n<\/ul>\n<\/div><\/div><\/div><\/div><\/div><\/div><\/div><\/div><\/div><div class=\"vc_col-sm-4 wpb_column vc_column_container\"><div class=\"vc_column-inner\"><div class=\"wpb_wrapper\"><div class=\"wpb_text_column ofertatresc\"><div class=\"wpb_wrapper\"><h2>Nasza <b>oferta<\/b><\/h2>\n<\/div><\/div><div class=\"w-grid type_grid layout_3700 cols_2\" id=\"us_grid_1\" style=\"--columns:2;--gap:4px;\" data-filterable=\"true\"><style>@media (max-width:600px){#us_grid_1{--columns:1!important}}.layout_3700 .w-grid-item-h{background:rgba(0,0,0,0.91);color:#ffffff}.layout_3700 .usg_post_image_1{transition-duration:0.4s;transform:scale(1.1) translate(0%,0%);opacity:0.65}.layout_3700 .w-grid-item-h:hover .usg_post_image_1{transform:scale(1) translate(0%,0%);opacity:0.1}.layout_3700 .usg_html_1{transition-duration:0.5s;transform:scale(1.20) translate(0%,0%)}.layout_3700 .w-grid-item-h:hover .usg_html_1{transform:scale(0.85) translate(0%,0%);opacity:1}.layout_3700 .usg_post_image_2{transition-duration:0.3s;transform:scale(1) translate(0%,0%);opacity:0}.layout_3700 .w-grid-item-h:hover .usg_post_image_2{transform:scale(1) translate(0%,0%);opacity:0}.layout_3700 .usg_post_title_1{position:absolute!important;right:0!important;left:0!important;font-family:var(--font-family)!important;font-size:1.2rem!important;color:inherit!important}.layout_3700 .usg_vwrapper_2{margin-top:0!important;margin-bottom:0!important;padding-top:0!important;padding-bottom:0!important;background:#000000!important}.layout_3700 .usg_html_1{position:absolute!important;top:0!important;right:0!important;bottom:0!important;left:0!important;margin-bottom:0!important;padding-bottom:0!important;border:2px solid #ffffff!important}.layout_3700 .usg_post_image_2{position:absolute!important;top:0!important;right:0!important;bottom:0!important;left:0!important;margin-bottom:0!important;padding-bottom:0!important}<\/style><div class=\"w-grid-list\">\t<article class=\"w-grid-item size_1x1 custom-link post-32 us_portfolio type-us_portfolio status-publish has-post-thumbnail hentry us_portfolio_category-oferta\" data-id=\"32\">\r\n\t\t<div class=\"w-grid-item-h\" style=\"background:rgba(0,0,0,0);\">\r\n\t\t\t\t\t\t\t<a href=\"https:\/\/www.geospectrum.pl\/pl\/zastosowania\/nawierzchnie\/\" aria-label=\"Diagnostyka &lt;br&gt;nawierzchni\"><\/a>\r\n\t\t\t\t\t\t<div class=\"w-vwrapper usg_vwrapper_2 align_center valign_middle\"><div class=\"w-post-elm post_image usg_post_image_1 stretched\"><a href=\"https:\/\/www.geospectrum.pl\/pl\/portfolio\/diagnostyka-nawierzchni\/\" aria-label=\"Diagnostyka nawierzchni\"><img loading=\"lazy\" decoding=\"async\" width=\"320\" height=\"320\" src=\"https:\/\/www.geospectrum.pl\/wp-content\/uploads\/2017\/01\/diagnostyka-nawierzchni.jpg\" class=\"attachment-us_600_600_crop size-us_600_600_crop wp-post-image\" alt=\"\" \/><\/a><\/div><div class=\"w-html usg_html_1\"><\/div><div class=\"w-post-elm post_image usg_post_image_2 stretched\"><a href=\"https:\/\/www.geospectrum.pl\/pl\/zastosowania\/nawierzchnie\/\" aria-label=\"Diagnostyka nawierzchni\"><img loading=\"lazy\" decoding=\"async\" width=\"320\" height=\"320\" src=\"https:\/\/www.geospectrum.pl\/wp-content\/uploads\/2017\/01\/diagnostyka-nawierzchni.jpg\" class=\"attachment-us_600_600_crop size-us_600_600_crop wp-post-image\" alt=\"\" \/><\/a><\/div><h2 class=\"w-post-elm post_title usg_post_title_1 has_text_color align_center entry-title color_link_inherit\"><a href=\"https:\/\/www.geospectrum.pl\/pl\/zastosowania\/nawierzchnie\/\">Diagnostyka <br>nawierzchni<\/a><\/h2><\/div>\t\t<\/div>\r\n\t\t\t<\/article>\r\n\t<article class=\"w-grid-item size_1x1 custom-link post-34 us_portfolio type-us_portfolio status-publish has-post-thumbnail hentry us_portfolio_category-oferta\" data-id=\"34\">\r\n\t\t<div class=\"w-grid-item-h\" style=\"background:rgba(0,0,0,0);\">\r\n\t\t\t\t\t\t\t<a href=\"https:\/\/www.geospectrum.pl\/pl\/zastosowania\/podloze\/\" aria-label=\"Badania &lt;br&gt;pod\u0142o\u017ca\"><\/a>\r\n\t\t\t\t\t\t<div class=\"w-vwrapper usg_vwrapper_2 align_center valign_middle\"><div class=\"w-post-elm post_image usg_post_image_1 stretched\"><a href=\"https:\/\/www.geospectrum.pl\/pl\/portfolio\/badania-podloza\/\" aria-label=\"Badania pod\u0142o\u017ca\"><img loading=\"lazy\" decoding=\"async\" width=\"320\" height=\"320\" src=\"https:\/\/www.geospectrum.pl\/wp-content\/uploads\/2017\/01\/badania-podloza.jpg\" class=\"attachment-us_600_600_crop size-us_600_600_crop wp-post-image\" alt=\"\" \/><\/a><\/div><div class=\"w-html usg_html_1\"><\/div><div class=\"w-post-elm post_image usg_post_image_2 stretched\"><a href=\"https:\/\/www.geospectrum.pl\/pl\/zastosowania\/podloze\/\" aria-label=\"Badania pod\u0142o\u017ca\"><img loading=\"lazy\" decoding=\"async\" width=\"320\" height=\"320\" src=\"https:\/\/www.geospectrum.pl\/wp-content\/uploads\/2017\/01\/badania-podloza.jpg\" class=\"attachment-us_600_600_crop size-us_600_600_crop wp-post-image\" alt=\"\" \/><\/a><\/div><h2 class=\"w-post-elm post_title usg_post_title_1 has_text_color align_center entry-title color_link_inherit\"><a href=\"https:\/\/www.geospectrum.pl\/pl\/zastosowania\/podloze\/\">Badania <br>pod\u0142o\u017ca<\/a><\/h2><\/div>\t\t<\/div>\r\n\t\t\t<\/article>\r\n\t<article class=\"w-grid-item size_1x1 custom-link post-36 us_portfolio type-us_portfolio status-publish has-post-thumbnail hentry us_portfolio_category-oferta us_portfolio_tag-geofizyka us_portfolio_tag-kubatura us_portfolio_tag-masw us_portfolio_tag-sejsmika\" data-id=\"36\">\r\n\t\t<div class=\"w-grid-item-h\" style=\"background:rgba(0,0,0,0);\">\r\n\t\t\t\t\t\t\t<a href=\"https:\/\/www.geospectrum.pl\/pl\/zastosowania\/statecznosc\/\" aria-label=\"Analiza &lt;br&gt;stateczno\u015bci\"><\/a>\r\n\t\t\t\t\t\t<div class=\"w-vwrapper usg_vwrapper_2 align_center valign_middle\"><div class=\"w-post-elm post_image usg_post_image_1 stretched\"><a href=\"https:\/\/www.geospectrum.pl\/pl\/portfolio\/analiza-statecznosci\/\" aria-label=\"Analiza stateczno\u015bci\"><img loading=\"lazy\" decoding=\"async\" width=\"320\" height=\"320\" src=\"https:\/\/www.geospectrum.pl\/wp-content\/uploads\/2017\/01\/analiza-statecznosci.jpg\" class=\"attachment-us_600_600_crop size-us_600_600_crop wp-post-image\" alt=\"\" \/><\/a><\/div><div class=\"w-html usg_html_1\"><\/div><div class=\"w-post-elm post_image usg_post_image_2 stretched\"><a href=\"https:\/\/www.geospectrum.pl\/pl\/zastosowania\/statecznosc\/\" aria-label=\"Analiza stateczno\u015bci\"><img loading=\"lazy\" decoding=\"async\" width=\"320\" height=\"320\" src=\"https:\/\/www.geospectrum.pl\/wp-content\/uploads\/2017\/01\/analiza-statecznosci.jpg\" class=\"attachment-us_600_600_crop size-us_600_600_crop wp-post-image\" alt=\"\" \/><\/a><\/div><h2 class=\"w-post-elm post_title usg_post_title_1 has_text_color align_center entry-title color_link_inherit\"><a href=\"https:\/\/www.geospectrum.pl\/pl\/zastosowania\/statecznosc\/\">Analiza <br>stateczno\u015bci<\/a><\/h2><\/div>\t\t<\/div>\r\n\t\t\t<\/article>\r\n\t<article class=\"w-grid-item size_1x1 custom-link post-39 us_portfolio type-us_portfolio status-publish has-post-thumbnail hentry us_portfolio_category-oferta\" data-id=\"39\">\r\n\t\t<div class=\"w-grid-item-h\" style=\"background:rgba(0,0,0,0);\">\r\n\t\t\t\t\t\t\t<a href=\"https:\/\/www.geospectrum.pl\/pl\/zastosowania\/kubatura\/\" aria-label=\"Obliczenia &lt;br&gt;kubatury\"><\/a>\r\n\t\t\t\t\t\t<div class=\"w-vwrapper usg_vwrapper_2 align_center valign_middle\"><div class=\"w-post-elm post_image usg_post_image_1 stretched\"><a href=\"https:\/\/www.geospectrum.pl\/pl\/portfolio\/obliczenia-kubatury\/\" aria-label=\"Obliczenia kubatury\"><img loading=\"lazy\" decoding=\"async\" width=\"320\" height=\"320\" src=\"https:\/\/www.geospectrum.pl\/wp-content\/uploads\/2017\/01\/obliczenia-kubatury.jpg\" class=\"attachment-us_600_600_crop size-us_600_600_crop wp-post-image\" alt=\"\" srcset=\"https:\/\/www.geospectrum.pl\/wp-content\/uploads\/2017\/01\/obliczenia-kubatury.jpg 320w, https:\/\/www.geospectrum.pl\/wp-content\/uploads\/2017\/01\/obliczenia-kubatury-300x300.jpg 300w, https:\/\/www.geospectrum.pl\/wp-content\/uploads\/2017\/01\/obliczenia-kubatury-150x150.jpg 150w\" sizes=\"auto, (max-width: 320px) 100vw, 320px\" \/><\/a><\/div><div class=\"w-html usg_html_1\"><\/div><div class=\"w-post-elm post_image usg_post_image_2 stretched\"><a href=\"https:\/\/www.geospectrum.pl\/pl\/zastosowania\/kubatura\/\" aria-label=\"Obliczenia kubatury\"><img loading=\"lazy\" decoding=\"async\" width=\"320\" height=\"320\" src=\"https:\/\/www.geospectrum.pl\/wp-content\/uploads\/2017\/01\/obliczenia-kubatury.jpg\" class=\"attachment-us_600_600_crop size-us_600_600_crop wp-post-image\" alt=\"\" srcset=\"https:\/\/www.geospectrum.pl\/wp-content\/uploads\/2017\/01\/obliczenia-kubatury.jpg 320w, https:\/\/www.geospectrum.pl\/wp-content\/uploads\/2017\/01\/obliczenia-kubatury-300x300.jpg 300w, https:\/\/www.geospectrum.pl\/wp-content\/uploads\/2017\/01\/obliczenia-kubatury-150x150.jpg 150w\" sizes=\"auto, (max-width: 320px) 100vw, 320px\" \/><\/a><\/div><h2 class=\"w-post-elm post_title usg_post_title_1 has_text_color align_center entry-title color_link_inherit\"><a href=\"https:\/\/www.geospectrum.pl\/pl\/zastosowania\/kubatura\/\">Obliczenia <br>kubatury<\/a><\/h2><\/div>\t\t<\/div>\r\n\t\t\t<\/article>\r\n\t<article class=\"w-grid-item size_1x1 custom-link post-41 us_portfolio type-us_portfolio status-publish has-post-thumbnail hentry us_portfolio_category-oferta\" data-id=\"41\">\r\n\t\t<div class=\"w-grid-item-h\" style=\"background:rgba(0,0,0,0);\">\r\n\t\t\t\t\t\t\t<a href=\"https:\/\/www.geospectrum.pl\/pl\/zastosowania\/gornictwo-i-geologia\/\" aria-label=\"G\u00f3rnictwo &lt;br&gt;geologia\"><\/a>\r\n\t\t\t\t\t\t<div class=\"w-vwrapper usg_vwrapper_2 align_center valign_middle\"><div class=\"w-post-elm post_image usg_post_image_1 stretched\"><a href=\"https:\/\/www.geospectrum.pl\/pl\/portfolio\/gornictwoi-geologia\/\" aria-label=\"G\u00f3rnictwo geologia\"><img loading=\"lazy\" decoding=\"async\" width=\"320\" height=\"320\" src=\"https:\/\/www.geospectrum.pl\/wp-content\/uploads\/2017\/01\/gornictwo-i-geologia.jpg\" class=\"attachment-us_600_600_crop size-us_600_600_crop wp-post-image\" alt=\"GeoSpectrum - G\u00f3rnictwo i geologia\" \/><\/a><\/div><div class=\"w-html usg_html_1\"><\/div><div class=\"w-post-elm post_image usg_post_image_2 stretched\"><a href=\"https:\/\/www.geospectrum.pl\/pl\/zastosowania\/gornictwo-i-geologia\/\" aria-label=\"G\u00f3rnictwo geologia\"><img loading=\"lazy\" decoding=\"async\" width=\"320\" height=\"320\" src=\"https:\/\/www.geospectrum.pl\/wp-content\/uploads\/2017\/01\/gornictwo-i-geologia.jpg\" class=\"attachment-us_600_600_crop size-us_600_600_crop wp-post-image\" alt=\"GeoSpectrum - G\u00f3rnictwo i geologia\" \/><\/a><\/div><h2 class=\"w-post-elm post_title usg_post_title_1 has_text_color align_center entry-title color_link_inherit\"><a href=\"https:\/\/www.geospectrum.pl\/pl\/zastosowania\/gornictwo-i-geologia\/\">G\u00f3rnictwo <br>geologia<\/a><\/h2><\/div>\t\t<\/div>\r\n\t\t\t<\/article>\r\n\t<article class=\"w-grid-item size_1x1 custom-link post-43 us_portfolio type-us_portfolio status-publish has-post-thumbnail hentry us_portfolio_category-oferta\" data-id=\"43\">\r\n\t\t<div class=\"w-grid-item-h\" style=\"background:rgba(0,0,0,0);\">\r\n\t\t\t\t\t\t\t<a href=\"https:\/\/www.geospectrum.pl\/pl\/zastosowania\/budownictwo\/\" aria-label=\"Budownictwo\"><\/a>\r\n\t\t\t\t\t\t<div class=\"w-vwrapper usg_vwrapper_2 align_center valign_middle\"><div class=\"w-post-elm post_image usg_post_image_1 stretched\"><a href=\"https:\/\/www.geospectrum.pl\/pl\/portfolio\/budownictwo\/\" aria-label=\"Budownictwo\"><img loading=\"lazy\" decoding=\"async\" width=\"320\" height=\"320\" src=\"https:\/\/www.geospectrum.pl\/wp-content\/uploads\/2017\/01\/budownictwo-1.jpg\" class=\"attachment-us_600_600_crop size-us_600_600_crop wp-post-image\" alt=\"GeoSpectrum - Budownictwo\" \/><\/a><\/div><div class=\"w-html usg_html_1\"><\/div><div class=\"w-post-elm post_image usg_post_image_2 stretched\"><a href=\"https:\/\/www.geospectrum.pl\/pl\/zastosowania\/budownictwo\/\" aria-label=\"Budownictwo\"><img loading=\"lazy\" decoding=\"async\" width=\"320\" height=\"320\" src=\"https:\/\/www.geospectrum.pl\/wp-content\/uploads\/2017\/01\/budownictwo-1.jpg\" class=\"attachment-us_600_600_crop size-us_600_600_crop wp-post-image\" alt=\"GeoSpectrum - Budownictwo\" \/><\/a><\/div><h2 class=\"w-post-elm post_title usg_post_title_1 has_text_color align_center entry-title color_link_inherit\"><a href=\"https:\/\/www.geospectrum.pl\/pl\/zastosowania\/budownictwo\/\">Budownictwo<\/a><\/h2><\/div>\t\t<\/div>\r\n\t\t\t<\/article>\r\n\t<article class=\"w-grid-item size_1x1 custom-link post-45 us_portfolio type-us_portfolio status-publish has-post-thumbnail hentry us_portfolio_category-oferta\" data-id=\"45\">\r\n\t\t<div class=\"w-grid-item-h\" style=\"background:rgba(0,0,0,0);\">\r\n\t\t\t\t\t\t\t<a href=\"https:\/\/www.geospectrum.pl\/pl\/zastosowania\/lokalizacja-obiektow\/\" aria-label=\"Lokalizacja&lt;br&gt; obiekt\u00f3w\"><\/a>\r\n\t\t\t\t\t\t<div class=\"w-vwrapper usg_vwrapper_2 align_center valign_middle\"><div class=\"w-post-elm post_image usg_post_image_1 stretched\"><a href=\"https:\/\/www.geospectrum.pl\/pl\/portfolio\/lokalizacjaobiektow\/\" aria-label=\"Lokalizacja obiekt\u00f3w\"><img loading=\"lazy\" decoding=\"async\" width=\"365\" height=\"365\" src=\"https:\/\/www.geospectrum.pl\/wp-content\/uploads\/2026\/02\/wielkokubaturowe01.png\" class=\"attachment-us_600_600_crop size-us_600_600_crop wp-post-image\" alt=\"\" srcset=\"https:\/\/www.geospectrum.pl\/wp-content\/uploads\/2026\/02\/wielkokubaturowe01.png 365w, https:\/\/www.geospectrum.pl\/wp-content\/uploads\/2026\/02\/wielkokubaturowe01-300x300.png 300w, https:\/\/www.geospectrum.pl\/wp-content\/uploads\/2026\/02\/wielkokubaturowe01-150x150.png 150w, https:\/\/www.geospectrum.pl\/wp-content\/uploads\/2026\/02\/wielkokubaturowe01-350x350.png 350w\" sizes=\"auto, (max-width: 365px) 100vw, 365px\" \/><\/a><\/div><div class=\"w-html usg_html_1\"><\/div><div class=\"w-post-elm post_image usg_post_image_2 stretched\"><a href=\"https:\/\/www.geospectrum.pl\/pl\/zastosowania\/lokalizacja-obiektow\/\" aria-label=\"Lokalizacja obiekt\u00f3w\"><img loading=\"lazy\" decoding=\"async\" width=\"365\" height=\"365\" src=\"https:\/\/www.geospectrum.pl\/wp-content\/uploads\/2026\/02\/wielkokubaturowe01.png\" class=\"attachment-us_600_600_crop size-us_600_600_crop wp-post-image\" alt=\"\" srcset=\"https:\/\/www.geospectrum.pl\/wp-content\/uploads\/2026\/02\/wielkokubaturowe01.png 365w, https:\/\/www.geospectrum.pl\/wp-content\/uploads\/2026\/02\/wielkokubaturowe01-300x300.png 300w, https:\/\/www.geospectrum.pl\/wp-content\/uploads\/2026\/02\/wielkokubaturowe01-150x150.png 150w, https:\/\/www.geospectrum.pl\/wp-content\/uploads\/2026\/02\/wielkokubaturowe01-350x350.png 350w\" sizes=\"auto, (max-width: 365px) 100vw, 365px\" \/><\/a><\/div><h2 class=\"w-post-elm post_title usg_post_title_1 has_text_color align_center entry-title color_link_inherit\"><a href=\"https:\/\/www.geospectrum.pl\/pl\/zastosowania\/lokalizacja-obiektow\/\">Lokalizacja<br> obiekt\u00f3w<\/a><\/h2><\/div>\t\t<\/div>\r\n\t\t\t<\/article>\r\n\t<article class=\"w-grid-item size_1x1 custom-link post-47 us_portfolio type-us_portfolio status-publish has-post-thumbnail hentry us_portfolio_category-oferta\" data-id=\"47\">\r\n\t\t<div class=\"w-grid-item-h\" style=\"background:rgba(0,0,0,0);\">\r\n\t\t\t\t\t\t\t<a href=\"https:\/\/www.geospectrum.pl\/pl\/zastosowania\/geofizyka-poszukiwawcza\/\" aria-label=\"Geofizyka &lt;br&gt;poszukiwawcza\"><\/a>\r\n\t\t\t\t\t\t<div class=\"w-vwrapper usg_vwrapper_2 align_center valign_middle\"><div class=\"w-post-elm post_image usg_post_image_1 stretched\"><a href=\"https:\/\/www.geospectrum.pl\/pl\/portfolio\/geofizykaposzukiwawcza\/\" aria-label=\"Geofizyka poszukiwawcza\"><img loading=\"lazy\" decoding=\"async\" width=\"320\" height=\"320\" src=\"https:\/\/www.geospectrum.pl\/wp-content\/uploads\/2017\/01\/geofizyka-poszukiwawcza-1.jpg\" class=\"attachment-us_600_600_crop size-us_600_600_crop wp-post-image\" alt=\"\" \/><\/a><\/div><div class=\"w-html usg_html_1\"><\/div><div class=\"w-post-elm post_image usg_post_image_2 stretched\"><a href=\"https:\/\/www.geospectrum.pl\/pl\/zastosowania\/geofizyka-poszukiwawcza\/\" aria-label=\"Geofizyka poszukiwawcza\"><img loading=\"lazy\" decoding=\"async\" width=\"320\" height=\"320\" src=\"https:\/\/www.geospectrum.pl\/wp-content\/uploads\/2017\/01\/geofizyka-poszukiwawcza-1.jpg\" class=\"attachment-us_600_600_crop size-us_600_600_crop wp-post-image\" alt=\"\" \/><\/a><\/div><h2 class=\"w-post-elm post_title usg_post_title_1 has_text_color align_center entry-title color_link_inherit\"><a href=\"https:\/\/www.geospectrum.pl\/pl\/zastosowania\/geofizyka-poszukiwawcza\/\">Geofizyka <br>poszukiwawcza<\/a><\/h2><\/div>\t\t<\/div>\r\n\t\t\t<\/article>\r\n<\/div><div class=\"w-grid-preloader\">\t<div class=\"g-preloader type_1\">\r\n\t\t<div><\/div>\r\n\t<\/div>\r\n\t<\/div>\t<div class=\"w-grid-json hidden\" onclick='return {&quot;action&quot;:&quot;us_ajax_grid&quot;,&quot;infinite_scroll&quot;:0,&quot;max_num_pages&quot;:1,&quot;pagination&quot;:&quot;none&quot;,&quot;template_vars&quot;:{&quot;columns&quot;:&quot;2&quot;,&quot;exclude_items&quot;:&quot;none&quot;,&quot;img_size&quot;:&quot;us_600_600_crop&quot;,&quot;ignore_items_size&quot;:0,&quot;items_layout&quot;:&quot;3700&quot;,&quot;items_offset&quot;:&quot;1&quot;,&quot;load_animation&quot;:&quot;none&quot;,&quot;overriding_link&quot;:&quot;{\\&quot;url\\&quot;:\\&quot;\\&quot;}&quot;,&quot;post_id&quot;:0,&quot;query_args&quot;:{&quot;post_type&quot;:[&quot;us_portfolio&quot;],&quot;tax_query&quot;:[{&quot;taxonomy&quot;:&quot;us_portfolio_category&quot;,&quot;field&quot;:&quot;slug&quot;,&quot;terms&quot;:[&quot;oferta&quot;]}],&quot;post_status&quot;:[&quot;publish&quot;],&quot;posts_per_page&quot;:999},&quot;orderby_query_args&quot;:{&quot;orderby&quot;:{&quot;date&quot;:&quot;ASC&quot;}},&quot;type&quot;:&quot;grid&quot;,&quot;us_grid_post_type&quot;:&quot;us_portfolio&quot;,&quot;us_grid_ajax_index&quot;:1,&quot;us_grid_filter_query_string&quot;:null,&quot;us_grid_index&quot;:1,&quot;page_args&quot;:[]}}'><\/div>\r\n\t<\/div><\/div><\/div><\/div><\/div><\/div><\/section>\n","protected":false},"excerpt":{"rendered":"","protected":false},"author":1,"featured_media":0,"parent":300,"menu_order":0,"comment_status":"closed","ping_status":"closed","template":"","meta":{"footnotes":""},"class_list":["post-354","page","type-page","status-publish","hentry"],"aioseo_notices":[],"_links":{"self":[{"href":"https:\/\/www.geospectrum.pl\/pl\/wp-json\/wp\/v2\/pages\/354","targetHints":{"allow":["GET"]}}],"collection":[{"href":"https:\/\/www.geospectrum.pl\/pl\/wp-json\/wp\/v2\/pages"}],"about":[{"href":"https:\/\/www.geospectrum.pl\/pl\/wp-json\/wp\/v2\/types\/page"}],"author":[{"embeddable":true,"href":"https:\/\/www.geospectrum.pl\/pl\/wp-json\/wp\/v2\/users\/1"}],"replies":[{"embeddable":true,"href":"https:\/\/www.geospectrum.pl\/pl\/wp-json\/wp\/v2\/comments?post=354"}],"version-history":[{"count":21,"href":"https:\/\/www.geospectrum.pl\/pl\/wp-json\/wp\/v2\/pages\/354\/revisions"}],"predecessor-version":[{"id":5489,"href":"https:\/\/www.geospectrum.pl\/pl\/wp-json\/wp\/v2\/pages\/354\/revisions\/5489"}],"up":[{"embeddable":true,"href":"https:\/\/www.geospectrum.pl\/pl\/wp-json\/wp\/v2\/pages\/300"}],"wp:attachment":[{"href":"https:\/\/www.geospectrum.pl\/pl\/wp-json\/wp\/v2\/media?parent=354"}],"curies":[{"name":"wp","href":"https:\/\/api.w.org\/{rel}","templated":true}]}}