{"id":960,"date":"2017-02-14T15:49:08","date_gmt":"2017-02-14T14:49:08","guid":{"rendered":"http:\/\/geospectrum.pl\/?page_id=960\/"},"modified":"2026-04-14T13:29:30","modified_gmt":"2026-04-14T11:29:30","slug":"kontakt","status":"publish","type":"page","link":"https:\/\/www.geospectrum.pl\/pl\/kontakt\/","title":{"rendered":"Kontakt"},"content":{"rendered":"<section class=\"l-section wpb_row us_custom_6df4bc3a has_text_color height_large with_img parallax_ver\"><div class=\"l-section-img\" role=\"img\" data-img-width=\"1600\" data-img-height=\"800\" style=\"background-image: url(https:\/\/www.geospectrum.pl\/wp-content\/uploads\/2017\/01\/kontakt.jpg);background-repeat: no-repeat;\"><\/div><div class=\"l-section-overlay\" style=\"background:rgba(0,0,0,0.66)\"><\/div><div class=\"l-section-h i-cf\"><div class=\"g-cols vc_row via_flex valign_top type_default stacking_default\"><div class=\"vc_col-sm-12 wpb_column vc_column_container\"><div class=\"vc_column-inner\"><div class=\"wpb_wrapper\"><div class=\"w-image align_center us_animate_hfc\"><div class=\"w-image-h\"><img decoding=\"async\" width=\"55\" height=\"55\" src=\"https:\/\/www.geospectrum.pl\/wp-content\/uploads\/2017\/01\/i3.png\" class=\"attachment-full size-full\" alt=\"\" loading=\"lazy\" \/><\/div><\/div><div class=\"wpb_text_column text-center tytul\"><div class=\"wpb_wrapper\"><h1>Dane <strong>kontaktowe<\/strong><\/h1>\n<\/div><\/div><div class=\"g-cols wpb_row us_custom_ec1e580b via_flex valign_top type_default stacking_default\"><div class=\"vc_col-sm-3 wpb_column vc_column_container\"><div class=\"vc_column-inner\"><div class=\"wpb_wrapper\"><div class=\"w-image align_center us_animate_hfc\"><div class=\"w-image-h\"><img decoding=\"async\" width=\"40\" height=\"40\" src=\"https:\/\/www.geospectrum.pl\/wp-content\/uploads\/2017\/01\/ikona_adres.png\" class=\"attachment-full size-full\" alt=\"\" loading=\"lazy\" \/><\/div><\/div><div class=\"wpb_text_column text-center dk\"><div class=\"wpb_wrapper\"><p>GeoSpectrum sp. z o.o.<br \/>\nos. Z\u0142otego Wieku 88<br \/>\n31-618 Krak\u00f3w<\/p>\n<\/div><\/div><\/div><\/div><\/div><div class=\"vc_col-sm-3 wpb_column vc_column_container\"><div class=\"vc_column-inner\"><div class=\"wpb_wrapper\"><div class=\"w-image align_center us_animate_hfc\"><div class=\"w-image-h\"><img decoding=\"async\" width=\"40\" height=\"40\" src=\"https:\/\/www.geospectrum.pl\/wp-content\/uploads\/2017\/01\/ikona_dane.png\" class=\"attachment-full size-full\" alt=\"\" loading=\"lazy\" \/><\/div><\/div><div class=\"wpb_text_column text-center dk\"><div class=\"wpb_wrapper\"><p><a href=\"mailto:biuro@geospectrum.pl\">biuro@geospectrum.pl<\/a><br \/>\nNIP: 6783184739<br \/>\nKRS: 0000840281<br \/>\nREGON: 386020928<\/p>\n<\/div><\/div><\/div><\/div><\/div><div class=\"vc_col-sm-3 wpb_column vc_column_container\"><div class=\"vc_column-inner\"><div class=\"wpb_wrapper\"><div class=\"w-image align_center us_animate_hfc\"><div class=\"w-image-h\"><img decoding=\"async\" width=\"40\" height=\"40\" src=\"https:\/\/www.geospectrum.pl\/wp-content\/uploads\/2017\/01\/ikona_osoba.png\" class=\"attachment-full size-full\" alt=\"\" loading=\"lazy\" \/><\/div><\/div><div class=\"wpb_text_column text-center dk\"><div class=\"wpb_wrapper\"><p>Jerzy K\u0142osi\u0144ski<br \/>\n<a href=\"mailto:klosinski@geospectrum.pl\">klosinski@geospectrum.pl<\/a><br \/>\n<a href=\"tel:726030326\">+48 726-030-326<\/a><\/p>\n<\/div><\/div><\/div><\/div><\/div><div class=\"vc_col-sm-3 wpb_column vc_column_container\"><div class=\"vc_column-inner\"><div class=\"wpb_wrapper\"><div class=\"w-image align_center us_animate_hfc\"><div class=\"w-image-h\"><img decoding=\"async\" width=\"40\" height=\"40\" src=\"https:\/\/www.geospectrum.pl\/wp-content\/uploads\/2017\/01\/ikona_osoba.png\" class=\"attachment-full size-full\" alt=\"\" loading=\"lazy\" \/><\/div><\/div><div class=\"wpb_text_column text-center dk\"><div class=\"wpb_wrapper\"><p>Adam Baranowski<br \/>\n<a href=\"mailto:baranowski@geospectrum.pl\">baranowski@geospectrum.pl<\/a><br \/>\n<a href=\"tel:502208177\">+48 502-208-177<\/a><\/p>\n<\/div><\/div><\/div><\/div><\/div><\/div><\/div><\/div><\/div><\/div><\/div><\/section><section class=\"l-section wpb_row us_custom_f856cbd9 formularz has_text_color height_medium\"><div class=\"l-section-h i-cf\"><div class=\"g-cols vc_row via_flex valign_top type_default stacking_default\"><div class=\"vc_col-sm-12 wpb_column vc_column_container\"><div class=\"vc_column-inner\"><div class=\"wpb_wrapper\"><div class=\"g-cols wpb_row via_flex valign_top type_default stacking_default\"><div class=\"vc_col-sm-12 wpb_column vc_column_container\"><div class=\"vc_column-inner\"><div class=\"wpb_wrapper\"><div class=\"w-separator size_small\"><\/div><\/div><\/div><\/div><\/div><\/div><\/div><\/div><\/div><\/div><\/section><section class=\"l-section wpb_row mapa height_auto width_full color_custom\"><div class=\"l-section-h i-cf\"><div class=\"g-cols vc_row via_flex valign_top type_default stacking_default\"><div class=\"vc_col-sm-12 wpb_column vc_column_container pa\"><div class=\"vc_column-inner\"><div class=\"wpb_wrapper\">[vc_goo_maps location=&#8221;50.0955917, 19.9975444&#8243; height=&#8221;650px&#8221; zoom=&#8221;14&#8243; css=&#8221;&#8221;]<\/div><\/div><\/div><\/div><\/div><\/section>\n","protected":false},"excerpt":{"rendered":"Dane kontaktowe GeoSpectrum sp. z o.o. os. Z\u0142otego Wieku 88 31-618 Krak\u00f3w biuro@geospectrum.pl NIP: 6783184739 KRS: 0000840281 REGON: 386020928 Jerzy K\u0142osi\u0144ski klosinski@geospectrum.pl +48 726-030-326 Adam Baranowski baranowski@geospectrum.pl +48 502-208-177 [vc_goo_maps location=\"50.0955917, 19.9975444\" height=\"650px\" zoom=\"14\" css=\"\"]","protected":false},"author":1,"featured_media":0,"parent":0,"menu_order":0,"comment_status":"closed","ping_status":"closed","template":"","meta":{"footnotes":""},"class_list":["post-960","page","type-page","status-publish","hentry"],"aioseo_notices":[],"_links":{"self":[{"href":"https:\/\/www.geospectrum.pl\/pl\/wp-json\/wp\/v2\/pages\/960","targetHints":{"allow":["GET"]}}],"collection":[{"href":"https:\/\/www.geospectrum.pl\/pl\/wp-json\/wp\/v2\/pages"}],"about":[{"href":"https:\/\/www.geospectrum.pl\/pl\/wp-json\/wp\/v2\/types\/page"}],"author":[{"embeddable":true,"href":"https:\/\/www.geospectrum.pl\/pl\/wp-json\/wp\/v2\/users\/1"}],"replies":[{"embeddable":true,"href":"https:\/\/www.geospectrum.pl\/pl\/wp-json\/wp\/v2\/comments?post=960"}],"version-history":[{"count":26,"href":"https:\/\/www.geospectrum.pl\/pl\/wp-json\/wp\/v2\/pages\/960\/revisions"}],"predecessor-version":[{"id":5393,"href":"https:\/\/www.geospectrum.pl\/pl\/wp-json\/wp\/v2\/pages\/960\/revisions\/5393"}],"wp:attachment":[{"href":"https:\/\/www.geospectrum.pl\/pl\/wp-json\/wp\/v2\/media?parent=960"}],"curies":[{"name":"wp","href":"https:\/\/api.w.org\/{rel}","templated":true}]}}